{"id":8,"date":"2025-12-28T12:27:15","date_gmt":"2025-12-28T12:27:15","guid":{"rendered":"https:\/\/msa.bitescan.de\/?page_id=8"},"modified":"2026-01-12T08:17:58","modified_gmt":"2026-01-12T08:17:58","slug":"impressum","status":"publish","type":"page","link":"https:\/\/msa.bitescan.de\/en\/impressum\/","title":{"rendered":"Impressum"},"content":{"rendered":"<div class=\"wp-block-group has-global-padding is-layout-constrained wp-container-core-group-is-layout-f1ba3e7e wp-block-group-is-layout-constrained\">\n<p><\/p>\n\n\n\n<p><strong>Magic Sports Agency<\/strong><br>Grengeler Mauspfad 61a<br>51174 K\u00f6ln<br>Deutschland<\/p>\n\n\n\n<p><strong>Vertreten durch:<\/strong><br>Mehmet Bivoljaku<\/p>\n\n\n\n<p><strong>Kontakt:<\/strong><br>Telefon: <br>E-Mail: i<br>Web: <\/p>\n\n\n\n<p><strong>Umsatzsteuer-ID:<\/strong><br><em>507\/ &#8230;&#8230;<\/em><\/p>\n\n\n\n<p><\/p>\n\n\n\n<h2 class=\"wp-block-heading\">Haftungsausschluss<\/h2>\n\n\n\n<p>Die Inhalte dieser Seite wurden mit gr\u00f6\u00dfter Sorgfalt erstellt. F\u00fcr die Richtigkeit, Vollst\u00e4ndigkeit und Aktualit\u00e4t der Inhalte k\u00f6nnen wir jedoch keine Gew\u00e4hr \u00fcbernehmen.<\/p>\n\n\n\n<p>Externe Links auf dieser Seite wurden zum Zeitpunkt der Verlinkung auf m\u00f6gliche Rechtsverst\u00f6\u00dfe \u00fcberpr\u00fcft. F\u00fcr die Inhalte externer Seiten sind ausschlie\u00dflich deren Betreiber verantwortlich.<\/p>\n\n\n\n<h2 class=\"wp-block-heading\">Urheberrecht<\/h2>\n\n\n\n<p>Die durch die Seitenbetreiber erstellten Inhalte und Werke auf diesen Seiten unterliegen dem deutschen Urheberrecht. Beitr\u00e4ge Dritter sind als solche gekennzeichnet. Die Vervielf\u00e4ltigung, Bearbeitung, Verbreitung und jede Art der Verwertung au\u00dferhalb der Grenzen des Urheberrechts bed\u00fcrfen der schriftlichen Zustimmung des jeweiligen Autors bzw. Erstellers<\/p>\n\n\n\n<p><\/p>\n\n\n\n<p>Foto von Javier Gallegos: https:\/\/www.pexels.com\/de-de\/foto\/menschen-fussballstadion-12313588\/<\/p>\n\n\n\n<p><\/p>\n\n\n\n<p>Foto von Carlos C\u00e9sar: https:\/\/www.pexels.com\/de-de\/foto\/luftbild-des-stadions-2291073\/<\/p>\n\n\n\n<p>Foto von Johannes Plenio: https:\/\/www.pexels.com\/de-de\/foto\/zeitrafferfotografie-wahrend-der-nacht-1103969\/<\/p>\n\n\n\n<p><\/p>\n\n\n\n<p>Foto von Tom Fisk: https:\/\/www.pexels.com\/de-de\/foto\/draufsichtfoto-des-fussballfeldes-wahrend-des-tages-3448250\/<\/p>\n<\/div>\n\n\n\n<p>Foto von David Pickup | Advertising &amp; Marketing &#x1f1ec;&#x1f1e7; : https:\/\/www.pexels.com\/de-de\/foto\/standard-29222472\/<\/p>","protected":false},"excerpt":{"rendered":"<p>Magic Sports AgencyGrengeler Mauspfad 61a51174 K\u00f6lnDeutschland Vertreten durch:Mehmet Bivoljaku Kontakt:Telefon: E-Mail: iWeb: Umsatzsteuer-ID:507\/ &#8230;&#8230; Haftungsausschluss Die Inhalte dieser Seite wurden mit gr\u00f6\u00dfter Sorgfalt erstellt. F\u00fcr die Richtigkeit, Vollst\u00e4ndigkeit und Aktualit\u00e4t der Inhalte k\u00f6nnen wir jedoch keine Gew\u00e4hr \u00fcbernehmen. Externe Links auf dieser Seite wurden zum Zeitpunkt der Verlinkung auf m\u00f6gliche Rechtsverst\u00f6\u00dfe \u00fcberpr\u00fcft. F\u00fcr die Inhalte [&hellip;]<\/p>","protected":false},"author":1,"featured_media":0,"parent":0,"menu_order":0,"comment_status":"closed","ping_status":"closed","template":"","meta":{"footnotes":""},"class_list":["post-8","page","type-page","status-publish","hentry"],"yoast_head":"<!-- This site is optimized with the Yoast SEO plugin v26.6 - https:\/\/yoast.com\/wordpress\/plugins\/seo\/ -->\n<title>Impressum - Magic Sports Agency<\/title>\n<meta name=\"robots\" content=\"index, follow, max-snippet:-1, max-image-preview:large, max-video-preview:-1\" \/>\n<link rel=\"canonical\" href=\"https:\/\/msa.bitescan.de\/en\/impressum\/\" \/>\n<meta property=\"og:locale\" content=\"en_US\" \/>\n<meta property=\"og:type\" content=\"article\" \/>\n<meta property=\"og:title\" content=\"Impressum - Magic Sports Agency\" \/>\n<meta property=\"og:description\" content=\"Magic Sports AgencyGrengeler Mauspfad 61a51174 K\u00f6lnDeutschland Vertreten durch:Mehmet Bivoljaku Kontakt:Telefon: E-Mail: iWeb: Umsatzsteuer-ID:507\/ &#8230;&#8230; Haftungsausschluss Die Inhalte dieser Seite wurden mit gr\u00f6\u00dfter Sorgfalt erstellt. F\u00fcr die Richtigkeit, Vollst\u00e4ndigkeit und Aktualit\u00e4t der Inhalte k\u00f6nnen wir jedoch keine Gew\u00e4hr \u00fcbernehmen. Externe Links auf dieser Seite wurden zum Zeitpunkt der Verlinkung auf m\u00f6gliche Rechtsverst\u00f6\u00dfe \u00fcberpr\u00fcft. F\u00fcr die Inhalte [&hellip;]\" \/>\n<meta property=\"og:url\" content=\"https:\/\/msa.bitescan.de\/en\/impressum\/\" \/>\n<meta property=\"og:site_name\" content=\"Magic Sports Agency\" \/>\n<meta property=\"article:modified_time\" content=\"2026-01-12T08:17:58+00:00\" \/>\n<meta name=\"twitter:card\" content=\"summary_large_image\" \/>\n<meta name=\"twitter:label1\" content=\"Est. reading time\" \/>\n\t<meta name=\"twitter:data1\" content=\"1 minute\" \/>\n<script type=\"application\/ld+json\" class=\"yoast-schema-graph\">{\"@context\":\"https:\/\/schema.org\",\"@graph\":[{\"@type\":\"WebPage\",\"@id\":\"https:\/\/msa.bitescan.de\/impressum\/\",\"url\":\"https:\/\/msa.bitescan.de\/impressum\/\",\"name\":\"Impressum - Magic Sports Agency\",\"isPartOf\":{\"@id\":\"https:\/\/msa.bitescan.de\/#website\"},\"datePublished\":\"2025-12-28T12:27:15+00:00\",\"dateModified\":\"2026-01-12T08:17:58+00:00\",\"breadcrumb\":{\"@id\":\"https:\/\/msa.bitescan.de\/impressum\/#breadcrumb\"},\"inLanguage\":\"en-US\",\"potentialAction\":[{\"@type\":\"ReadAction\",\"target\":[\"https:\/\/msa.bitescan.de\/impressum\/\"]}]},{\"@type\":\"BreadcrumbList\",\"@id\":\"https:\/\/msa.bitescan.de\/impressum\/#breadcrumb\",\"itemListElement\":[{\"@type\":\"ListItem\",\"position\":1,\"name\":\"Start\",\"item\":\"https:\/\/msa.bitescan.de\/\"},{\"@type\":\"ListItem\",\"position\":2,\"name\":\"Impressum\"}]},{\"@type\":\"WebSite\",\"@id\":\"https:\/\/msa.bitescan.de\/#website\",\"url\":\"https:\/\/msa.bitescan.de\/\",\"name\":\"Magic Sports Agency\",\"description\":\"\",\"publisher\":{\"@id\":\"https:\/\/msa.bitescan.de\/#organization\"},\"potentialAction\":[{\"@type\":\"SearchAction\",\"target\":{\"@type\":\"EntryPoint\",\"urlTemplate\":\"https:\/\/msa.bitescan.de\/?s={search_term_string}\"},\"query-input\":{\"@type\":\"PropertyValueSpecification\",\"valueRequired\":true,\"valueName\":\"search_term_string\"}}],\"inLanguage\":\"en-US\"},{\"@type\":\"Organization\",\"@id\":\"https:\/\/msa.bitescan.de\/#organization\",\"name\":\"Magic Sports Agency\",\"url\":\"https:\/\/msa.bitescan.de\/\",\"logo\":{\"@type\":\"ImageObject\",\"inLanguage\":\"en-US\",\"@id\":\"https:\/\/msa.bitescan.de\/#\/schema\/logo\/image\/\",\"url\":\"https:\/\/msa.bitescan.de\/wp-content\/uploads\/2025\/12\/Magic-Sports-Agency-1-png-1.png\",\"contentUrl\":\"https:\/\/msa.bitescan.de\/wp-content\/uploads\/2025\/12\/Magic-Sports-Agency-1-png-1.png\",\"width\":2450,\"height\":1021,\"caption\":\"Magic Sports Agency\"},\"image\":{\"@id\":\"https:\/\/msa.bitescan.de\/#\/schema\/logo\/image\/\"}}]}<\/script>\n<!-- \/ Yoast SEO plugin. -->","yoast_head_json":{"title":"Impressum - Magic Sports Agency","robots":{"index":"index","follow":"follow","max-snippet":"max-snippet:-1","max-image-preview":"max-image-preview:large","max-video-preview":"max-video-preview:-1"},"canonical":"https:\/\/msa.bitescan.de\/en\/impressum\/","og_locale":"en_US","og_type":"article","og_title":"Impressum - Magic Sports Agency","og_description":"Magic Sports AgencyGrengeler Mauspfad 61a51174 K\u00f6lnDeutschland Vertreten durch:Mehmet Bivoljaku Kontakt:Telefon: E-Mail: iWeb: Umsatzsteuer-ID:507\/ &#8230;&#8230; Haftungsausschluss Die Inhalte dieser Seite wurden mit gr\u00f6\u00dfter Sorgfalt erstellt. F\u00fcr die Richtigkeit, Vollst\u00e4ndigkeit und Aktualit\u00e4t der Inhalte k\u00f6nnen wir jedoch keine Gew\u00e4hr \u00fcbernehmen. Externe Links auf dieser Seite wurden zum Zeitpunkt der Verlinkung auf m\u00f6gliche Rechtsverst\u00f6\u00dfe \u00fcberpr\u00fcft. F\u00fcr die Inhalte [&hellip;]","og_url":"https:\/\/msa.bitescan.de\/en\/impressum\/","og_site_name":"Magic Sports Agency","article_modified_time":"2026-01-12T08:17:58+00:00","twitter_card":"summary_large_image","twitter_misc":{"Est. reading time":"1 minute"},"schema":{"@context":"https:\/\/schema.org","@graph":[{"@type":"WebPage","@id":"https:\/\/msa.bitescan.de\/impressum\/","url":"https:\/\/msa.bitescan.de\/impressum\/","name":"Impressum - Magic Sports Agency","isPartOf":{"@id":"https:\/\/msa.bitescan.de\/#website"},"datePublished":"2025-12-28T12:27:15+00:00","dateModified":"2026-01-12T08:17:58+00:00","breadcrumb":{"@id":"https:\/\/msa.bitescan.de\/impressum\/#breadcrumb"},"inLanguage":"en-US","potentialAction":[{"@type":"ReadAction","target":["https:\/\/msa.bitescan.de\/impressum\/"]}]},{"@type":"BreadcrumbList","@id":"https:\/\/msa.bitescan.de\/impressum\/#breadcrumb","itemListElement":[{"@type":"ListItem","position":1,"name":"Start","item":"https:\/\/msa.bitescan.de\/"},{"@type":"ListItem","position":2,"name":"Impressum"}]},{"@type":"WebSite","@id":"https:\/\/msa.bitescan.de\/#website","url":"https:\/\/msa.bitescan.de\/","name":"Magic Sports Agency","description":"","publisher":{"@id":"https:\/\/msa.bitescan.de\/#organization"},"potentialAction":[{"@type":"SearchAction","target":{"@type":"EntryPoint","urlTemplate":"https:\/\/msa.bitescan.de\/?s={search_term_string}"},"query-input":{"@type":"PropertyValueSpecification","valueRequired":true,"valueName":"search_term_string"}}],"inLanguage":"en-US"},{"@type":"Organization","@id":"https:\/\/msa.bitescan.de\/#organization","name":"Magic Sports Agency","url":"https:\/\/msa.bitescan.de\/","logo":{"@type":"ImageObject","inLanguage":"en-US","@id":"https:\/\/msa.bitescan.de\/#\/schema\/logo\/image\/","url":"https:\/\/msa.bitescan.de\/wp-content\/uploads\/2025\/12\/Magic-Sports-Agency-1-png-1.png","contentUrl":"https:\/\/msa.bitescan.de\/wp-content\/uploads\/2025\/12\/Magic-Sports-Agency-1-png-1.png","width":2450,"height":1021,"caption":"Magic Sports Agency"},"image":{"@id":"https:\/\/msa.bitescan.de\/#\/schema\/logo\/image\/"}}]}},"_links":{"self":[{"href":"https:\/\/msa.bitescan.de\/en\/wp-json\/wp\/v2\/pages\/8","targetHints":{"allow":["GET"]}}],"collection":[{"href":"https:\/\/msa.bitescan.de\/en\/wp-json\/wp\/v2\/pages"}],"about":[{"href":"https:\/\/msa.bitescan.de\/en\/wp-json\/wp\/v2\/types\/page"}],"author":[{"embeddable":true,"href":"https:\/\/msa.bitescan.de\/en\/wp-json\/wp\/v2\/users\/1"}],"replies":[{"embeddable":true,"href":"https:\/\/msa.bitescan.de\/en\/wp-json\/wp\/v2\/comments?post=8"}],"version-history":[{"count":7,"href":"https:\/\/msa.bitescan.de\/en\/wp-json\/wp\/v2\/pages\/8\/revisions"}],"predecessor-version":[{"id":161,"href":"https:\/\/msa.bitescan.de\/en\/wp-json\/wp\/v2\/pages\/8\/revisions\/161"}],"wp:attachment":[{"href":"https:\/\/msa.bitescan.de\/en\/wp-json\/wp\/v2\/media?parent=8"}],"curies":[{"name":"wp","href":"https:\/\/api.w.org\/{rel}","templated":true}]}}